{"id":3240,"date":"2017-05-17T10:20:44","date_gmt":"2017-05-17T08:20:44","guid":{"rendered":"http:\/\/www.guyane-evasion.com\/legal-notice\/"},"modified":"2017-05-17T10:20:48","modified_gmt":"2017-05-17T08:20:48","slug":"legal-notice","status":"publish","type":"page","link":"https:\/\/www.guyane-evasion.com\/en\/legal-notice\/","title":{"rendered":"Legal Notice"},"content":{"rendered":"<p>[et_pb_section admin_label=&#8221;Section&#8221; fullwidth=&#8221;on&#8221; specialty=&#8221;off&#8221; transparent_background=&#8221;off&#8221; allow_player_pause=&#8221;off&#8221; inner_shadow=&#8221;off&#8221; parallax=&#8221;off&#8221; parallax_method=&#8221;off&#8221; padding_mobile=&#8221;off&#8221; make_fullwidth=&#8221;off&#8221; use_custom_width=&#8221;off&#8221; width_unit=&#8221;on&#8221; make_equal=&#8221;off&#8221; use_custom_gutter=&#8221;off&#8221;][et_pb_fullwidth_post_title admin_label=&#8221;Titre du poste en pleine largeur&#8221; title=&#8221;on&#8221; meta=&#8221;off&#8221; author=&#8221;on&#8221; date=&#8221;on&#8221; categories=&#8221;on&#8221; comments=&#8221;on&#8221; featured_image=&#8221;off&#8221; featured_placement=&#8221;below&#8221; parallax_effect=&#8221;on&#8221; parallax_method=&#8221;on&#8221; text_orientation=&#8221;center&#8221; text_color=&#8221;dark&#8221; text_background=&#8221;off&#8221; text_bg_color=&#8221;rgba(255,255,255,0.9)&#8221; module_bg_color=&#8221;rgba(255,255,255,0)&#8221; title_all_caps=&#8221;off&#8221; use_border_color=&#8221;off&#8221; border_color=&#8221;#ffffff&#8221; border_style=&#8221;solid&#8221; title_text_color=&#8221;#f2cf35&#8243; title_font_size=&#8221;44px&#8221;]<\/p>\n<p>[\/et_pb_fullwidth_post_title][\/et_pb_section][et_pb_section admin_label=&#8221;section&#8221; transparent_background=&#8221;off&#8221; allow_player_pause=&#8221;off&#8221; inner_shadow=&#8221;off&#8221; parallax=&#8221;off&#8221; parallax_method=&#8221;off&#8221; padding_mobile=&#8221;off&#8221; make_fullwidth=&#8221;off&#8221; use_custom_width=&#8221;off&#8221; width_unit=&#8221;on&#8221; make_equal=&#8221;off&#8221; use_custom_gutter=&#8221;off&#8221; module_class=&#8221;mentions-legales&#8221;][et_pb_row admin_label=&#8221;row&#8221;][et_pb_column type=&#8221;4_4&#8243;][et_pb_text admin_label=&#8221;Texte&#8221; background_layout=&#8221;dark&#8221; text_orientation=&#8221;justified&#8221; use_border_color=&#8221;off&#8221; border_color=&#8221;#ffffff&#8221; border_style=&#8221;solid&#8221;]<\/p>\n<h2>Pr\u00e9sentation du site<\/h2>\n<p>Conform\u00e9ment aux dispositions des articles 6-III et 19 de la Loi n\u00b0 2004-575 du 21 juin 2004 pour la Confiance dans l\u2019\u00e9conomie num\u00e9rique, dite L.C.E.N., nous portons \u00e0 la connaissance des utilisateurs et visiteurs des sites <a href=\"http:\/\/guyane-evasion.com\/\">www.guyane-evasion.fr, www.guyane-evasion.com, www.guyane-evasion.info<\/a> les informations suivantes.<\/p>\n<h2>Responsable de publication<\/h2>\n<p>Guyane Evasion<br \/>\nAgence de Voyage \/ r\u00e9ceptif Guyane<br \/>\nAdresse :  Degrad des Cannes<br \/>\n97354 Remire Montjoly<\/p>\n<h2>Cr\u00e9ateur, h\u00e9bergeur du site<\/h2>\n<p>de la Lune \u00e0 la Lumi\u00e8re SAS<br \/>\n6 Place des Marronniers<br \/>\n77410 VILLEVAUDE<\/p>\n<p><a href=\"http:\/\/www.delalunealalumiere.fr\/\" target=\"_blank\">www.delalunealalumiere.fr<\/a><br \/>\n<a href=\"mailto:contact@delalunealalumiere.fr\">contact@delalunealalumiere.fr<\/a><\/p>\n<h2>Cookies<\/h2>\n<p>Les sites&nbsp;<a href=\"http:\/\/guyane-evasion.com\/\">www.guyane-evasion.fr, www.guyane-evasion.com, www.guyane-evasion.info<\/a>&nbsp;utilisent des \u201ccookies\u201d \u00e0 des fins techniques, par exemple pour optimiser la visualisation de ses pages. Aucune corr\u00e9lation n\u2019est faite entre ces \u201ccookies\u201d et des informations nominatives.<\/p>\n<h2>Comportements frauduleux<\/h2>\n<p>Tout utilisateur qui agit en fraude des pr\u00e9sentes Conditions G\u00e9n\u00e9rales d\u2019Utilisation s\u2019expose aux poursuites civiles ou p\u00e9nales qui r\u00e9priment en particulier les atteintes au droit d\u2019auteur, aux droits voisins, aux droits des producteurs de bases de donn\u00e9es ainsi qu\u2019aux syst\u00e8mes de traitement automatis\u00e9 de donn\u00e9es. Il est rappel\u00e9 \u00e0 l\u2019Utilisateur que le Code p\u00e9nal (article 323-1 et suivants) sanctionne par des peines allant jusqu\u2019\u00e0 cinq ans d\u2019emprisonnement et 75 000 euros d\u2019amende, notamment : l\u2019acc\u00e8s et le maintien frauduleux dans un syst\u00e8me de traitement automatis\u00e9 de donn\u00e9es, la suppression, la modification ou l\u2019ajout frauduleux de donn\u00e9es dans ce syst\u00e8me, le fait d\u2019entraver ce syst\u00e8me, Des proc\u00e9dures p\u00e9nales pourront \u00eatre engag\u00e9es par l\u2019\u00e9diteur contre l\u2019utilisateur qui ne respecterait pas ces dispositions.<\/p>\n<p>[\/et_pb_text][\/et_pb_column][\/et_pb_row][\/et_pb_section]<\/p>\n","protected":false},"excerpt":{"rendered":"<p>Pr\u00e9sentation du site Conform\u00e9ment aux dispositions des articles 6-III et 19 de la Loi n\u00b0 2004-575 du 21 juin 2004 pour la Confiance dans l\u2019\u00e9conomie num\u00e9rique, dite L.C.E.N., nous portons \u00e0 la connaissance des utilisateurs et visiteurs des sites www.guyane-evasion.fr, www.guyane-evasion.com, www.guyane-evasion.info les informations suivantes. Responsable de publication Guyane Evasion Agence de Voyage \/ r\u00e9ceptif [&hellip;]<\/p>\n","protected":false},"author":1,"featured_media":0,"parent":0,"menu_order":0,"comment_status":"closed","ping_status":"closed","template":"","meta":{"_et_pb_use_builder":"on","_et_pb_old_content":"","_et_gb_content_width":""},"_links":{"self":[{"href":"https:\/\/www.guyane-evasion.com\/en\/wp-json\/wp\/v2\/pages\/3240"}],"collection":[{"href":"https:\/\/www.guyane-evasion.com\/en\/wp-json\/wp\/v2\/pages"}],"about":[{"href":"https:\/\/www.guyane-evasion.com\/en\/wp-json\/wp\/v2\/types\/page"}],"author":[{"embeddable":true,"href":"https:\/\/www.guyane-evasion.com\/en\/wp-json\/wp\/v2\/users\/1"}],"replies":[{"embeddable":true,"href":"https:\/\/www.guyane-evasion.com\/en\/wp-json\/wp\/v2\/comments?post=3240"}],"version-history":[{"count":3,"href":"https:\/\/www.guyane-evasion.com\/en\/wp-json\/wp\/v2\/pages\/3240\/revisions"}],"predecessor-version":[{"id":3243,"href":"https:\/\/www.guyane-evasion.com\/en\/wp-json\/wp\/v2\/pages\/3240\/revisions\/3243"}],"wp:attachment":[{"href":"https:\/\/www.guyane-evasion.com\/en\/wp-json\/wp\/v2\/media?parent=3240"}],"curies":[{"name":"wp","href":"https:\/\/api.w.org\/{rel}","templated":true}]}}